{"id":126,"date":"2024-06-21T07:27:53","date_gmt":"2024-06-21T07:27:53","guid":{"rendered":"https:\/\/www.addency.com\/blog\/?page_id=126"},"modified":"2025-05-31T12:07:20","modified_gmt":"2025-05-31T10:07:20","slug":"blog-home","status":"publish","type":"page","link":"https:\/\/www.addency.com\/blog\/","title":{"rendered":"Blog HOME"},"content":{"rendered":"<p>[et_pb_section fb_built=&#8221;1&#8243; prev_background_color=&#8221;#FFFFFF&#8221; next_background_color=&#8221;#ffffff&#8221; _builder_version=&#8221;4.25.1&#8243; use_background_color_gradient=&#8221;on&#8221; background_color_gradient_stops=&#8221;rgba(231, 248, 252, 1) 0%|#ffffff 50%|#e7f8fc 100%&#8221; custom_margin=&#8221;||||false|true&#8221; custom_padding=&#8221;4px||||false|true&#8221; top_divider_style=&#8221;curve&#8221; top_divider_height=&#8221;29px&#8221; top_divider_flip=&#8221;vertical&#8221; bottom_divider_style=&#8221;curve&#8221; bottom_divider_height=&#8221;29px&#8221; global_colors_info=&#8221;{}&#8221;][et_pb_row use_custom_gutter=&#8221;on&#8221; gutter_width=&#8221;2&#8243; _builder_version=&#8221;4.27.4&#8243; width=&#8221;100%&#8221; width_tablet=&#8221;100%&#8221; width_phone=&#8221;100%&#8221; width_last_edited=&#8221;off|desktop&#8221; custom_padding=&#8221;||||false|false&#8221; global_colors_info=&#8221;{}&#8221;][et_pb_column type=&#8221;4_4&#8243; _builder_version=&#8221;4.16&#8243; global_colors_info=&#8221;{}&#8221;][et_pb_text _builder_version=&#8221;4.27.4&#8243; _module_preset=&#8221;default&#8221; header_text_align=&#8221;center&#8221; text_orientation=&#8221;center&#8221; max_width=&#8221;693px&#8221; module_alignment=&#8221;center&#8221; custom_margin=&#8221;48px||0px|||&#8221; global_colors_info=&#8221;{}&#8221;]<\/p>\n<h1>Il Blog di Addency: Ispirazione e Consigli per il Successo<\/h1>\n<p>[\/et_pb_text][et_pb_text _builder_version=&#8221;4.27.4&#8243; _module_preset=&#8221;default&#8221; header_text_align=&#8221;center&#8221; header_2_font=&#8221;&#8211;et_global_body_font||||||||&#8221; header_2_text_color=&#8221;rgba(26,21,61,0.66)&#8221; header_2_font_size=&#8221;16px&#8221; text_orientation=&#8221;center&#8221; max_width=&#8221;558px&#8221; module_alignment=&#8221;center&#8221; custom_margin=&#8221;3px||72px|||&#8221; global_colors_info=&#8221;{}&#8221;]<\/p>\n<h2>Scopri idee, strategie e approfondimenti per aziende e agenzie.<br \/>Il nostro blog \u00e8 la tua guida per migliorare visibilit\u00e0, branding, performance e molto altro, nei tuoi progetti pi\u00f9 ambiziosi.<\/h2>\n<p>[\/et_pb_text][et_pb_code _builder_version=&#8221;4.27.4&#8243; _module_preset=&#8221;default&#8221; admin_label=&#8221;Codice x maiuscole intelligenti in H2&#8243; hover_enabled=&#8221;0&#8243; sticky_enabled=&#8221;0&#8243;]<script><!-- [et_pb_line_break_holder] -->function formatTitle() {<!-- [et_pb_line_break_holder] -->    const lowerCaseWords = ['a', 'e', '\u00e8', 'i', 'o', 'u', 'di', 'da', 'in', 'con', 'su', 'per', 'tra', 'fra', 'allo', 'alla', 'all', 'il', 'lo', 'la', 'i', 'gli', 'le', 'un', 'uno', 'una', 'che', 'se', 'ma', 'o', 'n\u00e9', 'non', 's\u00ec', 'no', 'ci', 'ne', 'vi', 'li', 'le', 'mi', 'ti', 'si', 'lui', 'lei', 'loro', 'essi', 'esse', 'noi', 'voi', 'tu', 'io', 'me', 'te', 'se', 'gli', 'le', 'loro', 'ci', 'vi', 'ne', 'qui', 'l\u00e0', 'dove', 'quando', 'come', 'perch\u00e9', 'quanto', 'quanti', 'quanta', 'quante', 'quello', 'quella', 'quelli', 'quelle', 'questo', 'questa', 'questi', 'queste', 'chi', 'cui', 'quale', 'quali'];<!-- [et_pb_line_break_holder] --><!-- [et_pb_line_break_holder] -->    let titles = document.querySelectorAll('.al-blog-loop h2 a');<!-- [et_pb_line_break_holder] --><!-- [et_pb_line_break_holder] -->    titles.forEach((titleElement) => {<!-- [et_pb_line_break_holder] -->        let title = titleElement.innerHTML;<!-- [et_pb_line_break_holder] -->        let words = title.split(\/(\\s+|:|;|,|\u2019|\\.|\\?|!)\/g);<!-- [et_pb_line_break_holder] --><!-- [et_pb_line_break_holder] -->        for (let i = 0; i < words.length; i++) {<!-- [et_pb_line_break_holder] -->            if (!words[i].includes('<')) {<!-- [et_pb_line_break_holder] -->                if (lowerCaseWords.indexOf(words[i].toLowerCase()) === -1 || i === 0 || words[i - 1].endsWith(':') || words[i - 1].endsWith(';') || words[i - 1].endsWith(',') || words[i - 1].endsWith('.') || words[i - 1].endsWith('?') || words[i - 1].endsWith('!')) {<!-- [et_pb_line_break_holder] -->                    words[i] = words[i].charAt(0).toUpperCase() + words[i].slice(1);<!-- [et_pb_line_break_holder] -->                } else {<!-- [et_pb_line_break_holder] -->                    words[i] = words[i].toLowerCase();<!-- [et_pb_line_break_holder] -->                }<!-- [et_pb_line_break_holder] -->            }<!-- [et_pb_line_break_holder] -->        }<!-- [et_pb_line_break_holder] --><!-- [et_pb_line_break_holder] -->        titleElement.innerHTML = words.join('');<!-- [et_pb_line_break_holder] -->    });<!-- [et_pb_line_break_holder] -->}<!-- [et_pb_line_break_holder] --><!-- [et_pb_line_break_holder] -->document.addEventListener('DOMContentLoaded', formatTitle);<!-- [et_pb_line_break_holder] --><!-- [et_pb_line_break_holder] --><!-- [et_pb_line_break_holder] --><\/script>[\/et_pb_code][et_pb_blog posts_number=&#8221;21&#8243; show_more=&#8221;on&#8221; show_author=&#8221;off&#8221; show_date=&#8221;off&#8221; show_categories=&#8221;off&#8221; module_class=&#8221;pa-blog-image-ratio al-blog-loop&#8221; _builder_version=&#8221;4.27.4&#8243; header_font_size=&#8221;27px&#8221; width=&#8221;98%&#8221; width_tablet=&#8221;91%&#8221; width_phone=&#8221;86%&#8221; width_last_edited=&#8221;on|phone&#8221; max_width_tablet=&#8221;&#8221; max_width_phone=&#8221;&#8221; max_width_last_edited=&#8221;on|phone&#8221; module_alignment=&#8221;center&#8221; height_last_edited=&#8221;off|tablet&#8221; custom_margin=&#8221;48px||||false|false&#8221; custom_padding_phone=&#8221;||||false|false&#8221; custom_padding_last_edited=&#8221;off|tablet&#8221; hover_enabled=&#8221;0&#8243; header_font_size_tablet=&#8221;&#8221; header_font_size_phone=&#8221;26px&#8221; header_font_size_last_edited=&#8221;on|phone&#8221; custom_css_title=&#8221;margin-top:-10px;&#8221; border_color_top_fullwidth=&#8221;#ffffff&#8221; border_radii_image=&#8221;on|6px|6px|6px|6px&#8221; border_width_top_image=&#8221;1px&#8221; border_color_top_image=&#8221;rgba(159,181,201,0.11)&#8221; border_width_right_image=&#8221;1px&#8221; border_color_right_image=&#8221;rgba(159,181,201,0.11)&#8221; border_width_left_image=&#8221;1px&#8221; border_color_left_image=&#8221;rgba(159,181,201,0.11)&#8221; global_colors_info=&#8221;{}&#8221; sticky_enabled=&#8221;0&#8243;][\/et_pb_blog][\/et_pb_column][\/et_pb_row][\/et_pb_section]<\/p>\n","protected":false},"excerpt":{"rendered":"<p>Il Blog di Addency: Ispirazione e Consigli per il SuccessoScopri idee, strategie e approfondimenti per aziende e agenzie.Il nostro blog \u00e8 la tua guida per migliorare visibilit\u00e0, branding, performance e molto altro, nei tuoi progetti pi\u00f9 ambiziosi.<\/p>\n","protected":false},"author":2,"featured_media":0,"parent":0,"menu_order":0,"comment_status":"closed","ping_status":"closed","template":"","meta":{"_et_pb_use_builder":"on","_et_pb_old_content":"","_et_gb_content_width":"","inline_featured_image":false,"footnotes":""},"class_list":["post-126","page","type-page","status-publish","hentry"],"yoast_head":"<!-- This site is optimized with the Yoast SEO plugin v27.0 - https:\/\/yoast.com\/product\/yoast-seo-wordpress\/ -->\n<title>Il blog delle agenzie digitali di Addency<\/title>\n<meta name=\"description\" content=\"Storie di collaborazioni fra le agenzie digitali italiane e i loro clienti: come scegliere la migliore agenzia? Come trovare il giusto cliente?\" \/>\n<meta name=\"robots\" content=\"index, follow, max-snippet:-1, max-image-preview:large, max-video-preview:-1\" \/>\n<link rel=\"canonical\" href=\"https:\/\/www.addency.com\/blog\/\" \/>\n<meta property=\"og:locale\" content=\"it_IT\" \/>\n<meta property=\"og:type\" content=\"article\" \/>\n<meta property=\"og:title\" content=\"Il blog delle agenzie digitali di Addency\" \/>\n<meta property=\"og:description\" content=\"Storie di collaborazioni fra le agenzie digitali italiane e i loro clienti: come scegliere la migliore agenzia? Come trovare il giusto cliente?\" \/>\n<meta property=\"og:url\" content=\"https:\/\/www.addency.com\/blog\/\" \/>\n<meta property=\"og:site_name\" content=\"Addency - Blog\" \/>\n<meta property=\"article:modified_time\" content=\"2025-05-31T10:07:20+00:00\" \/>\n<meta name=\"twitter:card\" content=\"summary_large_image\" \/>\n<meta name=\"twitter:label1\" content=\"Tempo di lettura stimato\" \/>\n\t<meta name=\"twitter:data1\" content=\"7 minuti\" \/>\n<script type=\"application\/ld+json\" class=\"yoast-schema-graph\">{\"@context\":\"https:\/\/schema.org\",\"@graph\":[{\"@type\":\"Article\",\"@id\":\"https:\/\/www.addency.com\/blog\/#article\",\"isPartOf\":{\"@id\":\"https:\/\/www.addency.com\/blog\/\"},\"author\":{\"name\":\"Cos\",\"@id\":\"https:\/\/www.addency.com\/blog\/#\/schema\/person\/dd2530f65a97eed0d164531e2055e4fb\"},\"headline\":\"Blog HOME\",\"datePublished\":\"2024-06-21T07:27:53+00:00\",\"dateModified\":\"2025-05-31T10:07:20+00:00\",\"mainEntityOfPage\":{\"@id\":\"https:\/\/www.addency.com\/blog\/\"},\"wordCount\":394,\"inLanguage\":\"it-IT\"},{\"@type\":\"WebPage\",\"@id\":\"https:\/\/www.addency.com\/blog\/\",\"url\":\"https:\/\/www.addency.com\/blog\/\",\"name\":\"Il blog delle agenzie digitali di Addency\",\"isPartOf\":{\"@id\":\"https:\/\/www.addency.com\/blog\/#website\"},\"datePublished\":\"2024-06-21T07:27:53+00:00\",\"dateModified\":\"2025-05-31T10:07:20+00:00\",\"description\":\"Storie di collaborazioni fra le agenzie digitali italiane e i loro clienti: come scegliere la migliore agenzia? Come trovare il giusto cliente?\",\"breadcrumb\":{\"@id\":\"https:\/\/www.addency.com\/blog\/#breadcrumb\"},\"inLanguage\":\"it-IT\",\"potentialAction\":[{\"@type\":\"ReadAction\",\"target\":[\"https:\/\/www.addency.com\/blog\/\"]}]},{\"@type\":\"BreadcrumbList\",\"@id\":\"https:\/\/www.addency.com\/blog\/#breadcrumb\",\"itemListElement\":[{\"@type\":\"ListItem\",\"position\":1,\"name\":\"Home\",\"item\":\"https:\/\/www.addency.com\/blog\/\"},{\"@type\":\"ListItem\",\"position\":2,\"name\":\"Blog HOME\"}]},{\"@type\":\"WebSite\",\"@id\":\"https:\/\/www.addency.com\/blog\/#website\",\"url\":\"https:\/\/www.addency.com\/blog\/\",\"name\":\"Addency - Blog\",\"description\":\"Crea, Sviluppa, Promuovi, con le Migliori Agenzie.\",\"potentialAction\":[{\"@type\":\"SearchAction\",\"target\":{\"@type\":\"EntryPoint\",\"urlTemplate\":\"https:\/\/www.addency.com\/blog\/?s={search_term_string}\"},\"query-input\":{\"@type\":\"PropertyValueSpecification\",\"valueRequired\":true,\"valueName\":\"search_term_string\"}}],\"inLanguage\":\"it-IT\"},{\"@type\":\"Person\",\"@id\":\"https:\/\/www.addency.com\/blog\/#\/schema\/person\/dd2530f65a97eed0d164531e2055e4fb\",\"name\":\"Cos\",\"image\":{\"@type\":\"ImageObject\",\"inLanguage\":\"it-IT\",\"@id\":\"https:\/\/www.addency.com\/blog\/#\/schema\/person\/image\/\",\"url\":\"https:\/\/secure.gravatar.com\/avatar\/f59c5d09cb1e0cbb3a1dbc462650053c5d585bfd8eb6f90df6d4d4387b05523b?s=96&d=mm&r=g\",\"contentUrl\":\"https:\/\/secure.gravatar.com\/avatar\/f59c5d09cb1e0cbb3a1dbc462650053c5d585bfd8eb6f90df6d4d4387b05523b?s=96&d=mm&r=g\",\"caption\":\"Cos\"}}]}<\/script>\n<!-- \/ Yoast SEO plugin. -->","yoast_head_json":{"title":"Il blog delle agenzie digitali di Addency","description":"Storie di collaborazioni fra le agenzie digitali italiane e i loro clienti: come scegliere la migliore agenzia? Come trovare il giusto cliente?","robots":{"index":"index","follow":"follow","max-snippet":"max-snippet:-1","max-image-preview":"max-image-preview:large","max-video-preview":"max-video-preview:-1"},"canonical":"https:\/\/www.addency.com\/blog\/","og_locale":"it_IT","og_type":"article","og_title":"Il blog delle agenzie digitali di Addency","og_description":"Storie di collaborazioni fra le agenzie digitali italiane e i loro clienti: come scegliere la migliore agenzia? Come trovare il giusto cliente?","og_url":"https:\/\/www.addency.com\/blog\/","og_site_name":"Addency - Blog","article_modified_time":"2025-05-31T10:07:20+00:00","twitter_card":"summary_large_image","twitter_misc":{"Tempo di lettura stimato":"7 minuti"},"schema":{"@context":"https:\/\/schema.org","@graph":[{"@type":"Article","@id":"https:\/\/www.addency.com\/blog\/#article","isPartOf":{"@id":"https:\/\/www.addency.com\/blog\/"},"author":{"name":"Cos","@id":"https:\/\/www.addency.com\/blog\/#\/schema\/person\/dd2530f65a97eed0d164531e2055e4fb"},"headline":"Blog HOME","datePublished":"2024-06-21T07:27:53+00:00","dateModified":"2025-05-31T10:07:20+00:00","mainEntityOfPage":{"@id":"https:\/\/www.addency.com\/blog\/"},"wordCount":394,"inLanguage":"it-IT"},{"@type":"WebPage","@id":"https:\/\/www.addency.com\/blog\/","url":"https:\/\/www.addency.com\/blog\/","name":"Il blog delle agenzie digitali di Addency","isPartOf":{"@id":"https:\/\/www.addency.com\/blog\/#website"},"datePublished":"2024-06-21T07:27:53+00:00","dateModified":"2025-05-31T10:07:20+00:00","description":"Storie di collaborazioni fra le agenzie digitali italiane e i loro clienti: come scegliere la migliore agenzia? Come trovare il giusto cliente?","breadcrumb":{"@id":"https:\/\/www.addency.com\/blog\/#breadcrumb"},"inLanguage":"it-IT","potentialAction":[{"@type":"ReadAction","target":["https:\/\/www.addency.com\/blog\/"]}]},{"@type":"BreadcrumbList","@id":"https:\/\/www.addency.com\/blog\/#breadcrumb","itemListElement":[{"@type":"ListItem","position":1,"name":"Home","item":"https:\/\/www.addency.com\/blog\/"},{"@type":"ListItem","position":2,"name":"Blog HOME"}]},{"@type":"WebSite","@id":"https:\/\/www.addency.com\/blog\/#website","url":"https:\/\/www.addency.com\/blog\/","name":"Addency - Blog","description":"Crea, Sviluppa, Promuovi, con le Migliori Agenzie.","potentialAction":[{"@type":"SearchAction","target":{"@type":"EntryPoint","urlTemplate":"https:\/\/www.addency.com\/blog\/?s={search_term_string}"},"query-input":{"@type":"PropertyValueSpecification","valueRequired":true,"valueName":"search_term_string"}}],"inLanguage":"it-IT"},{"@type":"Person","@id":"https:\/\/www.addency.com\/blog\/#\/schema\/person\/dd2530f65a97eed0d164531e2055e4fb","name":"Cos","image":{"@type":"ImageObject","inLanguage":"it-IT","@id":"https:\/\/www.addency.com\/blog\/#\/schema\/person\/image\/","url":"https:\/\/secure.gravatar.com\/avatar\/f59c5d09cb1e0cbb3a1dbc462650053c5d585bfd8eb6f90df6d4d4387b05523b?s=96&d=mm&r=g","contentUrl":"https:\/\/secure.gravatar.com\/avatar\/f59c5d09cb1e0cbb3a1dbc462650053c5d585bfd8eb6f90df6d4d4387b05523b?s=96&d=mm&r=g","caption":"Cos"}}]}},"_links":{"self":[{"href":"https:\/\/www.addency.com\/blog\/wp-json\/wp\/v2\/pages\/126","targetHints":{"allow":["GET"]}}],"collection":[{"href":"https:\/\/www.addency.com\/blog\/wp-json\/wp\/v2\/pages"}],"about":[{"href":"https:\/\/www.addency.com\/blog\/wp-json\/wp\/v2\/types\/page"}],"author":[{"embeddable":true,"href":"https:\/\/www.addency.com\/blog\/wp-json\/wp\/v2\/users\/2"}],"replies":[{"embeddable":true,"href":"https:\/\/www.addency.com\/blog\/wp-json\/wp\/v2\/comments?post=126"}],"version-history":[{"count":16,"href":"https:\/\/www.addency.com\/blog\/wp-json\/wp\/v2\/pages\/126\/revisions"}],"predecessor-version":[{"id":812,"href":"https:\/\/www.addency.com\/blog\/wp-json\/wp\/v2\/pages\/126\/revisions\/812"}],"wp:attachment":[{"href":"https:\/\/www.addency.com\/blog\/wp-json\/wp\/v2\/media?parent=126"}],"curies":[{"name":"wp","href":"https:\/\/api.w.org\/{rel}","templated":true}]}}